{"id":1917,"date":"2026-01-23T11:40:27","date_gmt":"2026-01-23T11:40:27","guid":{"rendered":"https:\/\/www.gallerystros.com\/?post_type=product&#038;p=1917"},"modified":"2026-02-12T14:25:54","modified_gmt":"2026-02-12T14:25:54","slug":"kjer-ogenj-sreca-spomin","status":"publish","type":"product","link":"https:\/\/www.gallerystros.com\/?product=kjer-ogenj-sreca-spomin","title":{"rendered":"Ti\u0161ina, ki \u0161e diha"},"content":{"rendered":"[vc_row type=&#8221;in_container&#8221; full_screen_row_position=&#8221;middle&#8221; column_margin=&#8221;default&#8221; column_direction=&#8221;default&#8221; column_direction_tablet=&#8221;default&#8221; column_direction_phone=&#8221;default&#8221; scene_position=&#8221;center&#8221; text_color=&#8221;dark&#8221; text_align=&#8221;left&#8221; row_border_radius=&#8221;none&#8221; row_border_radius_applies=&#8221;bg&#8221; row_position_desktop=&#8221;default&#8221; row_position_tablet=&#8221;inherit&#8221; row_position_phone=&#8221;inherit&#8221; overflow=&#8221;visible&#8221; overlay_strength=&#8221;0.3&#8243; gradient_direction=&#8221;left_to_right&#8221; shape_divider_position=&#8221;bottom&#8221; bg_image_animation=&#8221;none&#8221;][vc_column column_padding=&#8221;no-extra-padding&#8221; column_padding_tablet=&#8221;inherit&#8221; column_padding_phone=&#8221;inherit&#8221; column_padding_position=&#8221;all&#8221; flex_gap_desktop=&#8221;10px&#8221; column_element_direction_desktop=&#8221;default&#8221; column_element_spacing=&#8221;default&#8221; desktop_text_alignment=&#8221;default&#8221; tablet_text_alignment=&#8221;default&#8221; phone_text_alignment=&#8221;default&#8221; background_color_opacity=&#8221;1&#8243; background_hover_color_opacity=&#8221;1&#8243; column_backdrop_filter=&#8221;none&#8221; column_shadow=&#8221;none&#8221; column_border_radius=&#8221;none&#8221; column_link_target=&#8221;_self&#8221; column_position=&#8221;default&#8221; gradient_direction=&#8221;left_to_right&#8221; overlay_strength=&#8221;0.3&#8243; width=&#8221;1\/1&#8243; tablet_width_inherit=&#8221;default&#8221; animation_type=&#8221;default&#8221; bg_image_animation=&#8221;none&#8221; border_type=&#8221;simple&#8221; column_border_width=&#8221;none&#8221; column_border_style=&#8221;solid&#8221;][vc_column_text css=&#8221;&#8221; text_direction=&#8221;default&#8221;][\/vc_column_text][\/vc_column][\/vc_row]\n","protected":false},"excerpt":{"rendered":"<div id=\":qw\" class=\"ii gt\">\n<div id=\":r2\" class=\"a3s aiL\">\n<div id=\"avWBGd-91\">\n<div dir=\"ltr\">\n<p>Slika ne pripoveduje o prostoru, temve\u010d o stanju. V toplih zemeljskih tonih se nalagajo sledi \u010dasa, spominov in ti\u0161ine, ki ni prazna. Mehki prehodi med barvami ustvarjajo ob\u010dutek notranje pokrajine, kjer se preteklost in slutnja sre\u010data brez jasnih meja. Svetlej\u0161i odtenki le namignejo na svetlobo \u2013 ne kot odgovor, temve\u010d kot tih odmev. To je trenutek ustavitve, ko barva govori namesto besed.<\/p>\n<p>&nbsp;<\/p>\n<\/div>\n<div class=\"adL\">Ime: <strong>Ti\u0161ina, ki \u0161e diha<\/strong><\/div>\n<\/div>\n<\/div>\n<\/div>\n<p>Tehnika:\u00a0 olje na platnu<\/p>\n<p>Velikost : 200 x 150 cm<\/p>\n","protected":false},"featured_media":1918,"comment_status":"closed","ping_status":"closed","template":"","meta":[],"product_brand":[],"product_cat":[33],"product_tag":[],"class_list":{"0":"post-1917","1":"product","2":"type-product","3":"status-publish","4":"has-post-thumbnail","6":"product_cat-galerija-zivljenja","8":"first","9":"instock","10":"sold-individually","11":"shipping-taxable","12":"purchasable","13":"product-type-simple"},"_links":{"self":[{"href":"https:\/\/www.gallerystros.com\/index.php?rest_route=\/wp\/v2\/product\/1917","targetHints":{"allow":["GET"]}}],"collection":[{"href":"https:\/\/www.gallerystros.com\/index.php?rest_route=\/wp\/v2\/product"}],"about":[{"href":"https:\/\/www.gallerystros.com\/index.php?rest_route=\/wp\/v2\/types\/product"}],"replies":[{"embeddable":true,"href":"https:\/\/www.gallerystros.com\/index.php?rest_route=%2Fwp%2Fv2%2Fcomments&post=1917"}],"wp:featuredmedia":[{"embeddable":true,"href":"https:\/\/www.gallerystros.com\/index.php?rest_route=\/wp\/v2\/media\/1918"}],"wp:attachment":[{"href":"https:\/\/www.gallerystros.com\/index.php?rest_route=%2Fwp%2Fv2%2Fmedia&parent=1917"}],"wp:term":[{"taxonomy":"product_brand","embeddable":true,"href":"https:\/\/www.gallerystros.com\/index.php?rest_route=%2Fwp%2Fv2%2Fproduct_brand&post=1917"},{"taxonomy":"product_cat","embeddable":true,"href":"https:\/\/www.gallerystros.com\/index.php?rest_route=%2Fwp%2Fv2%2Fproduct_cat&post=1917"},{"taxonomy":"product_tag","embeddable":true,"href":"https:\/\/www.gallerystros.com\/index.php?rest_route=%2Fwp%2Fv2%2Fproduct_tag&post=1917"}],"curies":[{"name":"wp","href":"https:\/\/api.w.org\/{rel}","templated":true}]}}